{"id":19,"date":"2020-05-17T17:27:49","date_gmt":"2020-05-17T15:27:49","guid":{"rendered":"http:\/\/localhost:8100\/?page_id=19"},"modified":"2020-05-21T12:28:35","modified_gmt":"2020-05-21T10:28:35","slug":"ueber-uns","status":"publish","type":"page","link":"https:\/\/skat-mit-freunden.haag-websites.de\/?page_id=19","title":{"rendered":"\u00dcber uns"},"content":{"rendered":"\n<p>Die App wurde uspr\u00fcnglich Hobbym\u00e4\u00dfig zum Eigengebrauch entwickelt. Schlie\u00dflich habe ich mich dazu entschlossen die App auch im Android Store der \u00d6ffentlichkeit zug\u00e4nglich zu machen.<\/p>\n\n\n\n<p>Die App wird nach wie vor kontinuierlich weiterentwickelt. Um die Serverkosten zu decken bin ich f\u00fcr Spenden dankbar.<\/p>\n","protected":false},"excerpt":{"rendered":"<p>Die App wurde uspr\u00fcnglich Hobbym\u00e4\u00dfig zum Eigengebrauch entwickelt. Schlie\u00dflich habe ich mich dazu entschlossen die App auch im Android Store der \u00d6ffentlichkeit zug\u00e4nglich zu machen. Die App wird nach wie vor kontinuierlich weiterentwickelt. Um die Serverkosten zu decken bin ich f\u00fcr Spenden dankbar.<\/p>\n","protected":false},"author":1,"featured_media":0,"parent":0,"menu_order":0,"comment_status":"closed","ping_status":"closed","template":"","meta":{"footnotes":""},"class_list":["post-19","page","type-page","status-publish","hentry"],"_links":{"self":[{"href":"https:\/\/skat-mit-freunden.haag-websites.de\/index.php?rest_route=\/wp\/v2\/pages\/19","targetHints":{"allow":["GET"]}}],"collection":[{"href":"https:\/\/skat-mit-freunden.haag-websites.de\/index.php?rest_route=\/wp\/v2\/pages"}],"about":[{"href":"https:\/\/skat-mit-freunden.haag-websites.de\/index.php?rest_route=\/wp\/v2\/types\/page"}],"author":[{"embeddable":true,"href":"https:\/\/skat-mit-freunden.haag-websites.de\/index.php?rest_route=\/wp\/v2\/users\/1"}],"replies":[{"embeddable":true,"href":"https:\/\/skat-mit-freunden.haag-websites.de\/index.php?rest_route=%2Fwp%2Fv2%2Fcomments&post=19"}],"version-history":[{"count":2,"href":"https:\/\/skat-mit-freunden.haag-websites.de\/index.php?rest_route=\/wp\/v2\/pages\/19\/revisions"}],"predecessor-version":[{"id":66,"href":"https:\/\/skat-mit-freunden.haag-websites.de\/index.php?rest_route=\/wp\/v2\/pages\/19\/revisions\/66"}],"wp:attachment":[{"href":"https:\/\/skat-mit-freunden.haag-websites.de\/index.php?rest_route=%2Fwp%2Fv2%2Fmedia&parent=19"}],"curies":[{"name":"wp","href":"https:\/\/api.w.org\/{rel}","templated":true}]}}