{"id":67,"date":"2020-05-21T12:30:52","date_gmt":"2020-05-21T10:30:52","guid":{"rendered":"https:\/\/skat-mit-freunden.haag-websites.de\/?page_id=67"},"modified":"2020-05-21T12:30:52","modified_gmt":"2020-05-21T10:30:52","slug":"impressum","status":"publish","type":"page","link":"https:\/\/skat-mit-freunden.haag-websites.de\/?page_id=67","title":{"rendered":"Impressum"},"content":{"rendered":"\n<p>Verantwortlich f\u00fcr den Inhalt der Seite:<\/p>\n\n\n\n<pre class=\"wp-block-verse\">Haag Websites\nTobias Haag\nH\u00e4usel\u00e4cker 1\/2\n69168 Wiesloch<\/pre>\n","protected":false},"excerpt":{"rendered":"<p>Verantwortlich f\u00fcr den Inhalt der Seite: Haag Websites Tobias Haag H\u00e4usel\u00e4cker 1\/2 69168 Wiesloch<\/p>\n","protected":false},"author":1,"featured_media":0,"parent":0,"menu_order":0,"comment_status":"closed","ping_status":"closed","template":"","meta":{"footnotes":""},"class_list":["post-67","page","type-page","status-publish","hentry"],"_links":{"self":[{"href":"https:\/\/skat-mit-freunden.haag-websites.de\/index.php?rest_route=\/wp\/v2\/pages\/67","targetHints":{"allow":["GET"]}}],"collection":[{"href":"https:\/\/skat-mit-freunden.haag-websites.de\/index.php?rest_route=\/wp\/v2\/pages"}],"about":[{"href":"https:\/\/skat-mit-freunden.haag-websites.de\/index.php?rest_route=\/wp\/v2\/types\/page"}],"author":[{"embeddable":true,"href":"https:\/\/skat-mit-freunden.haag-websites.de\/index.php?rest_route=\/wp\/v2\/users\/1"}],"replies":[{"embeddable":true,"href":"https:\/\/skat-mit-freunden.haag-websites.de\/index.php?rest_route=%2Fwp%2Fv2%2Fcomments&post=67"}],"version-history":[{"count":1,"href":"https:\/\/skat-mit-freunden.haag-websites.de\/index.php?rest_route=\/wp\/v2\/pages\/67\/revisions"}],"predecessor-version":[{"id":68,"href":"https:\/\/skat-mit-freunden.haag-websites.de\/index.php?rest_route=\/wp\/v2\/pages\/67\/revisions\/68"}],"wp:attachment":[{"href":"https:\/\/skat-mit-freunden.haag-websites.de\/index.php?rest_route=%2Fwp%2Fv2%2Fmedia&parent=67"}],"curies":[{"name":"wp","href":"https:\/\/api.w.org\/{rel}","templated":true}]}}